{"id":30,"date":"2024-09-20T11:50:15","date_gmt":"2024-09-20T11:50:15","guid":{"rendered":"https:\/\/carpinteriaartetxe.rkinformatika.online\/?page_id=30"},"modified":"2025-12-23T13:50:18","modified_gmt":"2025-12-23T13:50:18","slug":"productos","status":"publish","type":"page","link":"https:\/\/egurenmikelsl.com\/eu\/productos\/","title":{"rendered":"Produktuak"},"content":{"rendered":"<div data-elementor-type=\"wp-page\" data-elementor-id=\"30\" class=\"elementor elementor-30\" data-elementor-post-type=\"page\">\n\t\t\t\t<div class=\"elementor-element elementor-element-ca0447d e-con-full e-flex e-con e-parent\" data-id=\"ca0447d\" data-element_type=\"container\" data-e-type=\"container\" data-settings=\"{&quot;background_background&quot;:&quot;classic&quot;}\">\n\t\t\t\t<div class=\"elementor-element elementor-element-0d6c90a elementor-widget elementor-widget-heading\" data-id=\"0d6c90a\" data-element_type=\"widget\" data-e-type=\"widget\" data-widget_type=\"heading.default\">\n\t\t\t\t<div class=\"elementor-widget-container\">\n\t\t\t\t\t<h2 class=\"elementor-heading-title elementor-size-default\">Produktuak<\/h2>\t\t\t\t<\/div>\n\t\t\t\t<\/div>\n\t\t\t\t<\/div>\n\t\t<div class=\"elementor-element elementor-element-0bff56d e-flex e-con-boxed e-con e-parent\" data-id=\"0bff56d\" data-element_type=\"container\" data-e-type=\"container\">\n\t\t\t\t\t<div class=\"e-con-inner\">\n\t\t\t\t<div class=\"elementor-element elementor-element-c9fbdcd elementor-widget elementor-widget-heading\" data-id=\"c9fbdcd\" data-element_type=\"widget\" data-e-type=\"widget\" data-widget_type=\"heading.default\">\n\t\t\t\t<div class=\"elementor-widget-container\">\n\t\t\t\t\t<h2 class=\"elementor-heading-title elementor-size-default\">En nuestra tienda encontrar\u00e1s una amplia selecci\u00f3n de productos dise\u00f1ados para satisfacer todas tus necesidades.<\/h2>\t\t\t\t<\/div>\n\t\t\t\t<\/div>\n\t\t\t\t\t<\/div>\n\t\t\t\t<\/div>\n\t\t<div class=\"elementor-element elementor-element-3fe4f1a e-flex e-con-boxed e-con e-parent\" data-id=\"3fe4f1a\" data-element_type=\"container\" data-e-type=\"container\">\n\t\t\t\t\t<div class=\"e-con-inner\">\n\t\t\t\t<div class=\"elementor-element elementor-element-286d5b4 elementor-position-top elementor-widget elementor-widget-image-box\" data-id=\"286d5b4\" data-element_type=\"widget\" data-e-type=\"widget\" data-widget_type=\"image-box.default\">\n\t\t\t\t<div class=\"elementor-widget-container\">\n\t\t\t\t\t<div class=\"elementor-image-box-wrapper\"><figure class=\"elementor-image-box-img\"><img fetchpriority=\"high\" decoding=\"async\" width=\"1500\" height=\"1000\" src=\"https:\/\/egurenmikelsl.com\/wp-content\/uploads\/2024\/12\/710.jpg\" class=\"attachment-full size-full wp-image-494\" alt=\"\" srcset=\"https:\/\/egurenmikelsl.com\/wp-content\/uploads\/2024\/12\/710.jpg 1500w, https:\/\/egurenmikelsl.com\/wp-content\/uploads\/2024\/12\/710-300x200.jpg 300w, https:\/\/egurenmikelsl.com\/wp-content\/uploads\/2024\/12\/710-1024x683.jpg 1024w, https:\/\/egurenmikelsl.com\/wp-content\/uploads\/2024\/12\/710-768x512.jpg 768w, https:\/\/egurenmikelsl.com\/wp-content\/uploads\/2024\/12\/710-18x12.jpg 18w\" sizes=\"(max-width: 1500px) 100vw, 1500px\" \/><\/figure><div class=\"elementor-image-box-content\"><h3 class=\"elementor-image-box-title\">Electrodom\u00e9sticos de Todas las Marcas y Modelos<\/h3><p class=\"elementor-image-box-description\">Desde lo esencial hasta lo m\u00e1s innovador, contamos con las mejores opciones para equipar tu hogar con calidad y tecnolog\u00eda.<\/p><\/div><\/div>\t\t\t\t<\/div>\n\t\t\t\t<\/div>\n\t\t\t\t<div class=\"elementor-element elementor-element-c12b041 elementor-position-top elementor-widget elementor-widget-image-box\" data-id=\"c12b041\" data-element_type=\"widget\" data-e-type=\"widget\" data-widget_type=\"image-box.default\">\n\t\t\t\t<div class=\"elementor-widget-container\">\n\t\t\t\t\t<div class=\"elementor-image-box-wrapper\"><figure class=\"elementor-image-box-img\"><img decoding=\"async\" width=\"1500\" height=\"1000\" src=\"https:\/\/egurenmikelsl.com\/wp-content\/uploads\/2024\/12\/2148848661.jpg\" class=\"attachment-full size-full wp-image-496\" alt=\"\" srcset=\"https:\/\/egurenmikelsl.com\/wp-content\/uploads\/2024\/12\/2148848661.jpg 1500w, https:\/\/egurenmikelsl.com\/wp-content\/uploads\/2024\/12\/2148848661-300x200.jpg 300w, https:\/\/egurenmikelsl.com\/wp-content\/uploads\/2024\/12\/2148848661-1024x683.jpg 1024w, https:\/\/egurenmikelsl.com\/wp-content\/uploads\/2024\/12\/2148848661-768x512.jpg 768w, https:\/\/egurenmikelsl.com\/wp-content\/uploads\/2024\/12\/2148848661-18x12.jpg 18w\" sizes=\"(max-width: 1500px) 100vw, 1500px\" \/><\/figure><div class=\"elementor-image-box-content\"><h3 class=\"elementor-image-box-title\">Muebles de Cocina a Medida<\/h3><p class=\"elementor-image-box-description\">Dise\u00f1amos cocinas personalizadas que combinan funcionalidad y estilo, adapt\u00e1ndose perfectamente a tu espacio y necesidades.<\/p><\/div><\/div>\t\t\t\t<\/div>\n\t\t\t\t<\/div>\n\t\t\t\t<div class=\"elementor-element elementor-element-a6d6de7 elementor-position-top elementor-widget elementor-widget-image-box\" data-id=\"a6d6de7\" data-element_type=\"widget\" data-e-type=\"widget\" data-widget_type=\"image-box.default\">\n\t\t\t\t<div class=\"elementor-widget-container\">\n\t\t\t\t\t<div class=\"elementor-image-box-wrapper\"><figure class=\"elementor-image-box-img\"><img decoding=\"async\" width=\"1500\" height=\"1000\" src=\"https:\/\/egurenmikelsl.com\/wp-content\/uploads\/2024\/12\/106.jpg\" class=\"attachment-full size-full wp-image-495\" alt=\"\" srcset=\"https:\/\/egurenmikelsl.com\/wp-content\/uploads\/2024\/12\/106.jpg 1500w, https:\/\/egurenmikelsl.com\/wp-content\/uploads\/2024\/12\/106-300x200.jpg 300w, https:\/\/egurenmikelsl.com\/wp-content\/uploads\/2024\/12\/106-1024x683.jpg 1024w, https:\/\/egurenmikelsl.com\/wp-content\/uploads\/2024\/12\/106-768x512.jpg 768w, https:\/\/egurenmikelsl.com\/wp-content\/uploads\/2024\/12\/106-18x12.jpg 18w\" sizes=\"(max-width: 1500px) 100vw, 1500px\" \/><\/figure><div class=\"elementor-image-box-content\"><h3 class=\"elementor-image-box-title\">Mesas y Sillas de Cocina<\/h3><p class=\"elementor-image-box-description\">Opciones pr\u00e1cticas y elegantes que completan tu espacio culinario, perfectas para compartir momentos en familia.<\/p><\/div><\/div>\t\t\t\t<\/div>\n\t\t\t\t<\/div>\n\t\t\t\t\t<\/div>\n\t\t\t\t<\/div>\n\t\t<div class=\"elementor-element elementor-element-547c191 e-flex e-con-boxed e-con e-parent\" data-id=\"547c191\" data-element_type=\"container\" data-e-type=\"container\">\n\t\t\t\t\t<div class=\"e-con-inner\">\n\t\t\t\t<div class=\"elementor-element elementor-element-f4d36f3 elementor-position-top elementor-widget elementor-widget-image-box\" data-id=\"f4d36f3\" data-element_type=\"widget\" data-e-type=\"widget\" data-widget_type=\"image-box.default\">\n\t\t\t\t<div class=\"elementor-widget-container\">\n\t\t\t\t\t<div class=\"elementor-image-box-wrapper\"><figure class=\"elementor-image-box-img\"><img loading=\"lazy\" decoding=\"async\" width=\"1500\" height=\"1000\" src=\"https:\/\/egurenmikelsl.com\/wp-content\/uploads\/2024\/12\/2301.jpg\" class=\"attachment-full size-full wp-image-497\" alt=\"\" srcset=\"https:\/\/egurenmikelsl.com\/wp-content\/uploads\/2024\/12\/2301.jpg 1500w, https:\/\/egurenmikelsl.com\/wp-content\/uploads\/2024\/12\/2301-300x200.jpg 300w, https:\/\/egurenmikelsl.com\/wp-content\/uploads\/2024\/12\/2301-1024x683.jpg 1024w, https:\/\/egurenmikelsl.com\/wp-content\/uploads\/2024\/12\/2301-768x512.jpg 768w, https:\/\/egurenmikelsl.com\/wp-content\/uploads\/2024\/12\/2301-18x12.jpg 18w\" sizes=\"(max-width: 1500px) 100vw, 1500px\" \/><\/figure><div class=\"elementor-image-box-content\"><h3 class=\"elementor-image-box-title\">Muebles de Dormitorio<\/h3><p class=\"elementor-image-box-description\">Desde armarios hasta camas, ofrecemos mobiliario que combina confort y dise\u00f1o para crear un espacio ideal de descanso.<\/p><\/div><\/div>\t\t\t\t<\/div>\n\t\t\t\t<\/div>\n\t\t\t\t<div class=\"elementor-element elementor-element-a8921c1 elementor-position-top elementor-widget elementor-widget-image-box\" data-id=\"a8921c1\" data-element_type=\"widget\" data-e-type=\"widget\" data-widget_type=\"image-box.default\">\n\t\t\t\t<div class=\"elementor-widget-container\">\n\t\t\t\t\t<div class=\"elementor-image-box-wrapper\"><figure class=\"elementor-image-box-img\"><img loading=\"lazy\" decoding=\"async\" width=\"1500\" height=\"1000\" src=\"https:\/\/egurenmikelsl.com\/wp-content\/uploads\/2024\/12\/393.jpg\" class=\"attachment-full size-full wp-image-498\" alt=\"\" srcset=\"https:\/\/egurenmikelsl.com\/wp-content\/uploads\/2024\/12\/393.jpg 1500w, https:\/\/egurenmikelsl.com\/wp-content\/uploads\/2024\/12\/393-300x200.jpg 300w, https:\/\/egurenmikelsl.com\/wp-content\/uploads\/2024\/12\/393-1024x683.jpg 1024w, https:\/\/egurenmikelsl.com\/wp-content\/uploads\/2024\/12\/393-768x512.jpg 768w, https:\/\/egurenmikelsl.com\/wp-content\/uploads\/2024\/12\/393-18x12.jpg 18w\" sizes=\"(max-width: 1500px) 100vw, 1500px\" \/><\/figure><div class=\"elementor-image-box-content\"><h3 class=\"elementor-image-box-title\">Muebles Auxiliares para la Casa<\/h3><p class=\"elementor-image-box-description\">Soluciones pr\u00e1cticas y decorativas que optimizan cada rinc\u00f3n de tu hogar.<\/p><\/div><\/div>\t\t\t\t<\/div>\n\t\t\t\t<\/div>\n\t\t\t\t<div class=\"elementor-element elementor-element-8d4c61a elementor-position-top elementor-widget elementor-widget-image-box\" data-id=\"8d4c61a\" data-element_type=\"widget\" data-e-type=\"widget\" data-widget_type=\"image-box.default\">\n\t\t\t\t<div class=\"elementor-widget-container\">\n\t\t\t\t\t<div class=\"elementor-image-box-wrapper\"><figure class=\"elementor-image-box-img\"><img loading=\"lazy\" decoding=\"async\" width=\"1500\" height=\"1050\" src=\"https:\/\/egurenmikelsl.com\/wp-content\/uploads\/2024\/12\/3583.jpg\" class=\"attachment-full size-full wp-image-500\" alt=\"\" srcset=\"https:\/\/egurenmikelsl.com\/wp-content\/uploads\/2024\/12\/3583.jpg 1500w, https:\/\/egurenmikelsl.com\/wp-content\/uploads\/2024\/12\/3583-300x210.jpg 300w, https:\/\/egurenmikelsl.com\/wp-content\/uploads\/2024\/12\/3583-1024x717.jpg 1024w, https:\/\/egurenmikelsl.com\/wp-content\/uploads\/2024\/12\/3583-768x538.jpg 768w, https:\/\/egurenmikelsl.com\/wp-content\/uploads\/2024\/12\/3583-18x12.jpg 18w\" sizes=\"(max-width: 1500px) 100vw, 1500px\" \/><\/figure><div class=\"elementor-image-box-content\"><h3 class=\"elementor-image-box-title\">Accesorios para Electrodom\u00e9sticos de Todo Tipo<\/h3><p class=\"elementor-image-box-description\">Encuentra repuestos y complementos para garantizar el m\u00e1ximo rendimiento de tus aparatos.\n<\/p><\/div><\/div>\t\t\t\t<\/div>\n\t\t\t\t<\/div>\n\t\t\t\t\t<\/div>\n\t\t\t\t<\/div>\n\t\t<div class=\"elementor-element elementor-element-9aba5ff e-flex e-con-boxed e-con e-parent\" data-id=\"9aba5ff\" data-element_type=\"container\" data-e-type=\"container\">\n\t\t\t\t\t<div class=\"e-con-inner\">\n\t\t\t\t<div class=\"elementor-element elementor-element-2069a4f elementor-cta--skin-cover elementor-animated-content elementor-bg-transform elementor-bg-transform-zoom-in elementor-widget elementor-widget-call-to-action\" data-id=\"2069a4f\" data-element_type=\"widget\" data-e-type=\"widget\" data-widget_type=\"call-to-action.default\">\n\t\t\t\t<div class=\"elementor-widget-container\">\n\t\t\t\t\t\t\t<div class=\"elementor-cta\">\n\t\t\t\t\t<div class=\"elementor-cta__bg-wrapper\">\n\t\t\t\t<div class=\"elementor-cta__bg elementor-bg\" style=\"background-image: url(https:\/\/egurenmikelsl.com\/wp-content\/uploads\/2024\/12\/15584-1024x574.jpg);\" role=\"img\" aria-label=\"15584\"><\/div>\n\t\t\t\t<div class=\"elementor-cta__bg-overlay\"><\/div>\n\t\t\t<\/div>\n\t\t\t\t\t\t\t<div class=\"elementor-cta__content\">\n\t\t\t\t\n\t\t\t\t\t\t\t\t\t<h2 class=\"elementor-cta__title elementor-cta__content-item elementor-content-item elementor-animated-item--grow\">\n\t\t\t\t\t\t\u00a1Vis\u00edtanos y conoce la unidad m\u00e1s cercana a ti!\t\t\t\t\t<\/h2>\n\t\t\t\t\n\t\t\t\t\n\t\t\t\t\t\t\t\t\t<div class=\"elementor-cta__button-wrapper elementor-cta__content-item elementor-content-item elementor-animated-item--grow\">\n\t\t\t\t\t<a class=\"elementor-cta__button elementor-button elementor-size-\" href=\"https:\/\/egurenmikelsl.com\/eu\/contacto\/\">\n\t\t\t\t\t\tCont\u00e1ctanos\t\t\t\t\t<\/a>\n\t\t\t\t\t<\/div>\n\t\t\t\t\t\t\t<\/div>\n\t\t\t\t\t\t<\/div>\n\t\t\t\t\t\t<\/div>\n\t\t\t\t<\/div>\n\t\t\t\t\t<\/div>\n\t\t\t\t<\/div>\n\t\t\t\t<\/div>","protected":false},"excerpt":{"rendered":"<p>Productos En nuestra tienda encontrar\u00e1s una amplia selecci\u00f3n de productos dise\u00f1ados para satisfacer todas tus necesidades. Electrodom\u00e9sticos de Todas las Marcas y Modelos Desde lo esencial hasta lo m\u00e1s innovador, contamos con las mejores opciones para equipar tu hogar con calidad y tecnolog\u00eda. Muebles de Cocina a Medida Dise\u00f1amos cocinas personalizadas que combinan funcionalidad y [&hellip;]<\/p>\n","protected":false},"author":2,"featured_media":0,"parent":0,"menu_order":0,"comment_status":"closed","ping_status":"closed","template":"","meta":{"footnotes":""},"class_list":["post-30","page","type-page","status-publish","hentry"],"yoast_head":"<!-- This site is optimized with the Yoast SEO plugin v27.3 - https:\/\/yoast.com\/product\/yoast-seo-wordpress\/ -->\n<title>Productos - Eguren Mikel SL<\/title>\n<meta name=\"robots\" content=\"index, follow, max-snippet:-1, max-image-preview:large, max-video-preview:-1\" \/>\n<link rel=\"canonical\" href=\"https:\/\/egurenmikelsl.com\/eu\/productos\/\" \/>\n<meta property=\"og:locale\" content=\"en_US\" \/>\n<meta property=\"og:type\" content=\"article\" \/>\n<meta property=\"og:title\" content=\"Productos - Eguren Mikel SL\" \/>\n<meta property=\"og:description\" content=\"Productos En nuestra tienda encontrar\u00e1s una amplia selecci\u00f3n de productos dise\u00f1ados para satisfacer todas tus necesidades. Electrodom\u00e9sticos de Todas las Marcas y Modelos Desde lo esencial hasta lo m\u00e1s innovador, contamos con las mejores opciones para equipar tu hogar con calidad y tecnolog\u00eda. Muebles de Cocina a Medida Dise\u00f1amos cocinas personalizadas que combinan funcionalidad y [&hellip;]\" \/>\n<meta property=\"og:url\" content=\"https:\/\/egurenmikelsl.com\/eu\/productos\/\" \/>\n<meta property=\"og:site_name\" content=\"Eguren Mikel SL\" \/>\n<meta property=\"article:modified_time\" content=\"2025-12-23T13:50:18+00:00\" \/>\n<meta property=\"og:image\" content=\"https:\/\/egurenmikelsl.com\/wp-content\/uploads\/2024\/12\/710.jpg\" \/>\n\t<meta property=\"og:image:width\" content=\"1500\" \/>\n\t<meta property=\"og:image:height\" content=\"1000\" \/>\n\t<meta property=\"og:image:type\" content=\"image\/jpeg\" \/>\n<meta name=\"twitter:card\" content=\"summary_large_image\" \/>\n<meta name=\"twitter:label1\" content=\"Est. reading time\" \/>\n\t<meta name=\"twitter:data1\" content=\"2 minutua\" \/>\n<script type=\"application\/ld+json\" class=\"yoast-schema-graph\">{\"@context\":\"https:\\\/\\\/schema.org\",\"@graph\":[{\"@type\":\"WebPage\",\"@id\":\"https:\\\/\\\/egurenmikelsl.com\\\/productos\\\/\",\"url\":\"https:\\\/\\\/egurenmikelsl.com\\\/productos\\\/\",\"name\":\"Productos - Eguren Mikel SL\",\"isPartOf\":{\"@id\":\"https:\\\/\\\/egurenmikelsl.com\\\/#website\"},\"primaryImageOfPage\":{\"@id\":\"https:\\\/\\\/egurenmikelsl.com\\\/productos\\\/#primaryimage\"},\"image\":{\"@id\":\"https:\\\/\\\/egurenmikelsl.com\\\/productos\\\/#primaryimage\"},\"thumbnailUrl\":\"https:\\\/\\\/egurenmikelsl.com\\\/wp-content\\\/uploads\\\/2024\\\/12\\\/710.jpg\",\"datePublished\":\"2024-09-20T11:50:15+00:00\",\"dateModified\":\"2025-12-23T13:50:18+00:00\",\"breadcrumb\":{\"@id\":\"https:\\\/\\\/egurenmikelsl.com\\\/productos\\\/#breadcrumb\"},\"inLanguage\":\"eu\",\"potentialAction\":[{\"@type\":\"ReadAction\",\"target\":[\"https:\\\/\\\/egurenmikelsl.com\\\/productos\\\/\"]}]},{\"@type\":\"ImageObject\",\"inLanguage\":\"eu\",\"@id\":\"https:\\\/\\\/egurenmikelsl.com\\\/productos\\\/#primaryimage\",\"url\":\"https:\\\/\\\/egurenmikelsl.com\\\/wp-content\\\/uploads\\\/2024\\\/12\\\/710.jpg\",\"contentUrl\":\"https:\\\/\\\/egurenmikelsl.com\\\/wp-content\\\/uploads\\\/2024\\\/12\\\/710.jpg\"},{\"@type\":\"BreadcrumbList\",\"@id\":\"https:\\\/\\\/egurenmikelsl.com\\\/productos\\\/#breadcrumb\",\"itemListElement\":[{\"@type\":\"ListItem\",\"position\":1,\"name\":\"Portada\",\"item\":\"https:\\\/\\\/egurenmikelsl.com\\\/\"},{\"@type\":\"ListItem\",\"position\":2,\"name\":\"Productos\"}]},{\"@type\":\"WebSite\",\"@id\":\"https:\\\/\\\/egurenmikelsl.com\\\/#website\",\"url\":\"https:\\\/\\\/egurenmikelsl.com\\\/\",\"name\":\"Eguren Mikel SL\",\"description\":\"VENTA DE ELECTRODOM\u00c9STICOS, MESAS Y SILLAS, MUEBLES DE COCINA, DORMITORIO, SALON E INSTALACIONES EL\u00c9CTRICAS\",\"publisher\":{\"@id\":\"https:\\\/\\\/egurenmikelsl.com\\\/#organization\"},\"potentialAction\":[{\"@type\":\"SearchAction\",\"target\":{\"@type\":\"EntryPoint\",\"urlTemplate\":\"https:\\\/\\\/egurenmikelsl.com\\\/?s={search_term_string}\"},\"query-input\":{\"@type\":\"PropertyValueSpecification\",\"valueRequired\":true,\"valueName\":\"search_term_string\"}}],\"inLanguage\":\"eu\"},{\"@type\":\"Organization\",\"@id\":\"https:\\\/\\\/egurenmikelsl.com\\\/#organization\",\"name\":\"Eguren Mikel SL\",\"url\":\"https:\\\/\\\/egurenmikelsl.com\\\/\",\"logo\":{\"@type\":\"ImageObject\",\"inLanguage\":\"eu\",\"@id\":\"https:\\\/\\\/egurenmikelsl.com\\\/#\\\/schema\\\/logo\\\/image\\\/\",\"url\":\"https:\\\/\\\/egurenmikelsl.com\\\/wp-content\\\/uploads\\\/2025\\\/02\\\/cropped-Logo-Eguren_Mesa-de-trabajo-1.png\",\"contentUrl\":\"https:\\\/\\\/egurenmikelsl.com\\\/wp-content\\\/uploads\\\/2025\\\/02\\\/cropped-Logo-Eguren_Mesa-de-trabajo-1.png\",\"width\":1920,\"height\":261,\"caption\":\"Eguren Mikel SL\"},\"image\":{\"@id\":\"https:\\\/\\\/egurenmikelsl.com\\\/#\\\/schema\\\/logo\\\/image\\\/\"}}]}<\/script>\n<!-- \/ Yoast SEO plugin. -->","yoast_head_json":{"title":"Productos - Eguren Mikel SL","robots":{"index":"index","follow":"follow","max-snippet":"max-snippet:-1","max-image-preview":"max-image-preview:large","max-video-preview":"max-video-preview:-1"},"canonical":"https:\/\/egurenmikelsl.com\/eu\/productos\/","og_locale":"en_US","og_type":"article","og_title":"Productos - Eguren Mikel SL","og_description":"Productos En nuestra tienda encontrar\u00e1s una amplia selecci\u00f3n de productos dise\u00f1ados para satisfacer todas tus necesidades. Electrodom\u00e9sticos de Todas las Marcas y Modelos Desde lo esencial hasta lo m\u00e1s innovador, contamos con las mejores opciones para equipar tu hogar con calidad y tecnolog\u00eda. Muebles de Cocina a Medida Dise\u00f1amos cocinas personalizadas que combinan funcionalidad y [&hellip;]","og_url":"https:\/\/egurenmikelsl.com\/eu\/productos\/","og_site_name":"Eguren Mikel SL","article_modified_time":"2025-12-23T13:50:18+00:00","og_image":[{"width":1500,"height":1000,"url":"https:\/\/egurenmikelsl.com\/wp-content\/uploads\/2024\/12\/710.jpg","type":"image\/jpeg"}],"twitter_card":"summary_large_image","twitter_misc":{"Est. reading time":"2 minutua"},"schema":{"@context":"https:\/\/schema.org","@graph":[{"@type":"WebPage","@id":"https:\/\/egurenmikelsl.com\/productos\/","url":"https:\/\/egurenmikelsl.com\/productos\/","name":"Productos - Eguren Mikel SL","isPartOf":{"@id":"https:\/\/egurenmikelsl.com\/#website"},"primaryImageOfPage":{"@id":"https:\/\/egurenmikelsl.com\/productos\/#primaryimage"},"image":{"@id":"https:\/\/egurenmikelsl.com\/productos\/#primaryimage"},"thumbnailUrl":"https:\/\/egurenmikelsl.com\/wp-content\/uploads\/2024\/12\/710.jpg","datePublished":"2024-09-20T11:50:15+00:00","dateModified":"2025-12-23T13:50:18+00:00","breadcrumb":{"@id":"https:\/\/egurenmikelsl.com\/productos\/#breadcrumb"},"inLanguage":"eu","potentialAction":[{"@type":"ReadAction","target":["https:\/\/egurenmikelsl.com\/productos\/"]}]},{"@type":"ImageObject","inLanguage":"eu","@id":"https:\/\/egurenmikelsl.com\/productos\/#primaryimage","url":"https:\/\/egurenmikelsl.com\/wp-content\/uploads\/2024\/12\/710.jpg","contentUrl":"https:\/\/egurenmikelsl.com\/wp-content\/uploads\/2024\/12\/710.jpg"},{"@type":"BreadcrumbList","@id":"https:\/\/egurenmikelsl.com\/productos\/#breadcrumb","itemListElement":[{"@type":"ListItem","position":1,"name":"Portada","item":"https:\/\/egurenmikelsl.com\/"},{"@type":"ListItem","position":2,"name":"Productos"}]},{"@type":"WebSite","@id":"https:\/\/egurenmikelsl.com\/#website","url":"https:\/\/egurenmikelsl.com\/","name":"Eguren Mikel SL","description":"VENTA DE ELECTRODOM\u00c9STICOS, MESAS Y SILLAS, MUEBLES DE COCINA, DORMITORIO, SALON E INSTALACIONES EL\u00c9CTRICAS","publisher":{"@id":"https:\/\/egurenmikelsl.com\/#organization"},"potentialAction":[{"@type":"SearchAction","target":{"@type":"EntryPoint","urlTemplate":"https:\/\/egurenmikelsl.com\/?s={search_term_string}"},"query-input":{"@type":"PropertyValueSpecification","valueRequired":true,"valueName":"search_term_string"}}],"inLanguage":"eu"},{"@type":"Organization","@id":"https:\/\/egurenmikelsl.com\/#organization","name":"Eguren Mikel SL","url":"https:\/\/egurenmikelsl.com\/","logo":{"@type":"ImageObject","inLanguage":"eu","@id":"https:\/\/egurenmikelsl.com\/#\/schema\/logo\/image\/","url":"https:\/\/egurenmikelsl.com\/wp-content\/uploads\/2025\/02\/cropped-Logo-Eguren_Mesa-de-trabajo-1.png","contentUrl":"https:\/\/egurenmikelsl.com\/wp-content\/uploads\/2025\/02\/cropped-Logo-Eguren_Mesa-de-trabajo-1.png","width":1920,"height":261,"caption":"Eguren Mikel SL"},"image":{"@id":"https:\/\/egurenmikelsl.com\/#\/schema\/logo\/image\/"}}]}},"_links":{"self":[{"href":"https:\/\/egurenmikelsl.com\/eu\/wp-json\/wp\/v2\/pages\/30","targetHints":{"allow":["GET"]}}],"collection":[{"href":"https:\/\/egurenmikelsl.com\/eu\/wp-json\/wp\/v2\/pages"}],"about":[{"href":"https:\/\/egurenmikelsl.com\/eu\/wp-json\/wp\/v2\/types\/page"}],"author":[{"embeddable":true,"href":"https:\/\/egurenmikelsl.com\/eu\/wp-json\/wp\/v2\/users\/2"}],"replies":[{"embeddable":true,"href":"https:\/\/egurenmikelsl.com\/eu\/wp-json\/wp\/v2\/comments?post=30"}],"version-history":[{"count":53,"href":"https:\/\/egurenmikelsl.com\/eu\/wp-json\/wp\/v2\/pages\/30\/revisions"}],"predecessor-version":[{"id":552,"href":"https:\/\/egurenmikelsl.com\/eu\/wp-json\/wp\/v2\/pages\/30\/revisions\/552"}],"wp:attachment":[{"href":"https:\/\/egurenmikelsl.com\/eu\/wp-json\/wp\/v2\/media?parent=30"}],"curies":[{"name":"wp","href":"https:\/\/api.w.org\/{rel}","templated":true}]}}